{"id":69,"date":"2015-04-01T17:02:37","date_gmt":"2015-04-01T16:02:37","guid":{"rendered":"http:\/\/fewo-service-bodensee.de\/?page_id=69"},"modified":"2025-03-24T13:19:05","modified_gmt":"2025-03-24T12:19:05","slug":"gaesteservice","status":"publish","type":"page","link":"https:\/\/fewo-service-bodensee.de\/?page_id=69","title":{"rendered":"Unser G\u00e4steservice"},"content":{"rendered":"<p><a href=\"https:\/\/fewo-service-bodensee.de\/wp-content\/uploads\/2015\/04\/Fotolia_35086346_M.jpg\"><img loading=\"lazy\" decoding=\"async\" class=\"wp-image-264 jf-image-shadow size-full aligncenter\" src=\"https:\/\/fewo-service-bodensee.de\/wp-content\/uploads\/2015\/04\/Fotolia_35086346_Mangep.jpg\" alt=\"Serviettes de bain, bougie et bambou\" width=\"940\" height=\"477\" srcset=\"https:\/\/fewo-service-bodensee.de\/wp-content\/uploads\/2015\/04\/Fotolia_35086346_Mangep.jpg 940w, https:\/\/fewo-service-bodensee.de\/wp-content\/uploads\/2015\/04\/Fotolia_35086346_Mangep-300x152.jpg 300w, https:\/\/fewo-service-bodensee.de\/wp-content\/uploads\/2015\/04\/Fotolia_35086346_Mangep-768x390.jpg 768w\" sizes=\"auto, (max-width: 940px) 100vw, 940px\" \/><\/a><\/p>\n<p>&nbsp;<\/p>\n<p>Damit Sie sich in Ihrer Ferienwohnung richtig wohlf\u00fchlen, k\u00f6nnen wir folgendes f\u00fcr Sie tun:<\/p>\n<ul>\n<li>Einkaufsservice auf Wunsch vor Anreise<\/li>\n<li>Besorgen von Veranstaltungskarten (Festspiele Bregenz)<\/li>\n<li>Vermittlung eines kompetenten Babysitters<\/li>\n<li>W\u00e4scheservice<\/li>\n<li>Blumen\u00fcberraschung f\u00fcr Ihre Liebsten<\/li>\n<li>Zwischenreinigung<\/li>\n<li>Br\u00f6tchen- und Zeitungsservice<\/li>\n<li>Vereinbarung von Arztterminen<\/li>\n<li>Beschaffung eines Leihwagens<\/li>\n<li>Tischreservierungen<\/li>\n<li>Reiser\u00fccktrittversicherung<\/li>\n<\/ul>\n<p>Fragen Sie uns: Geht nicht, gibt es nicht!<\/p>\n","protected":false},"excerpt":{"rendered":"<p>&nbsp; Damit Sie sich in Ihrer Ferienwohnung richtig wohlf\u00fchlen, k\u00f6nnen wir folgendes f\u00fcr Sie tun: Einkaufsservice auf Wunsch vor Anreise Besorgen von Veranstaltungskarten (Festspiele Bregenz) Vermittlung eines kompetenten Babysitters W\u00e4scheservice Blumen\u00fcberraschung f\u00fcr Ihre Liebsten Zwischenreinigung Br\u00f6tchen- und Zeitungsservice Vereinbarung von &hellip; <a href=\"https:\/\/fewo-service-bodensee.de\/?page_id=69\">Weiter<\/a><\/p>\n","protected":false},"author":1,"featured_media":0,"parent":0,"menu_order":-2,"comment_status":"open","ping_status":"open","template":"","meta":{"footnotes":""},"class_list":["post-69","page","type-page","status-publish","hentry"],"_links":{"self":[{"href":"https:\/\/fewo-service-bodensee.de\/index.php?rest_route=\/wp\/v2\/pages\/69","targetHints":{"allow":["GET"]}}],"collection":[{"href":"https:\/\/fewo-service-bodensee.de\/index.php?rest_route=\/wp\/v2\/pages"}],"about":[{"href":"https:\/\/fewo-service-bodensee.de\/index.php?rest_route=\/wp\/v2\/types\/page"}],"author":[{"embeddable":true,"href":"https:\/\/fewo-service-bodensee.de\/index.php?rest_route=\/wp\/v2\/users\/1"}],"replies":[{"embeddable":true,"href":"https:\/\/fewo-service-bodensee.de\/index.php?rest_route=%2Fwp%2Fv2%2Fcomments&post=69"}],"version-history":[{"count":11,"href":"https:\/\/fewo-service-bodensee.de\/index.php?rest_route=\/wp\/v2\/pages\/69\/revisions"}],"predecessor-version":[{"id":466,"href":"https:\/\/fewo-service-bodensee.de\/index.php?rest_route=\/wp\/v2\/pages\/69\/revisions\/466"}],"wp:attachment":[{"href":"https:\/\/fewo-service-bodensee.de\/index.php?rest_route=%2Fwp%2Fv2%2Fmedia&parent=69"}],"curies":[{"name":"wp","href":"https:\/\/api.w.org\/{rel}","templated":true}]}}