{"id":66,"date":"2015-04-01T16:56:49","date_gmt":"2015-04-01T15:56:49","guid":{"rendered":"http:\/\/fewo-service-bodensee.de\/?page_id=66"},"modified":"2025-03-24T13:14:35","modified_gmt":"2025-03-24T12:14:35","slug":"unser-service","status":"publish","type":"page","link":"https:\/\/fewo-service-bodensee.de\/?page_id=66","title":{"rendered":"Unser Vermieterservice"},"content":{"rendered":"<p><img loading=\"lazy\" decoding=\"async\" class=\"aligncenter jf-image-shadow wp-image-86\" src=\"https:\/\/fewo-service-bodensee.de\/wp-content\/uploads\/2015\/04\/IMG_5200_kurz-1024x520.jpg\" alt=\"IMG_5200_kurz\" width=\"788\" height=\"400\" srcset=\"https:\/\/fewo-service-bodensee.de\/wp-content\/uploads\/2015\/04\/IMG_5200_kurz-1024x520.jpg 1024w, https:\/\/fewo-service-bodensee.de\/wp-content\/uploads\/2015\/04\/IMG_5200_kurz-300x152.jpg 300w, https:\/\/fewo-service-bodensee.de\/wp-content\/uploads\/2015\/04\/IMG_5200_kurz.jpg 1772w\" sizes=\"auto, (max-width: 788px) 100vw, 788px\" \/><\/p>\n<p>&nbsp;<\/p>\n<p>Egal, ob Sie Ihre m\u00f6blierte Wohnung w\u00e4hrend der Urlaubssaison als Ferienwohnung oder ganzj\u00e4hrig auf Zeit vermieten wollen: Unser Dienstleistungsservice f\u00fcr Vermieter \/ Besitzer von Ferienwohnungen im Raum Bodensee umfasst Leistungen wie<\/p>\n<ul>\n<li>Listung \/ Vermarktung Ihrer Wohnung in den f\u00fchrenden (Ferien)wohnungs-Internetportalen<\/li>\n<li>Laufende Pflege des Belegungsplanes online<\/li>\n<li>Komplettes Buchungsmanagement<\/li>\n<li>Schriftverkehr mit den Mietern<\/li>\n<li>Schl\u00fcssel\u00fcbergabe<\/li>\n<li>Endreinigung<\/li>\n<li>Reparatur und Ersatzbeschaffung defekter Einrichtungsgegenst\u00e4nde<\/li>\n<li>G\u00e4stebetreuung<\/li>\n<li>Hausmeisterdienste wie Ausbesserungen, Fensterreinigung<\/li>\n<li>Boteng\u00e4nge<\/li>\n<li>u.v.m.<\/li>\n<\/ul>\n<p>Fragen Sie uns \u2013 gerne erstellen wir Ihnen ein individuelles Angebot.<\/p>\n","protected":false},"excerpt":{"rendered":"<p>&nbsp; Egal, ob Sie Ihre m\u00f6blierte Wohnung w\u00e4hrend der Urlaubssaison als Ferienwohnung oder ganzj\u00e4hrig auf Zeit vermieten wollen: Unser Dienstleistungsservice f\u00fcr Vermieter \/ Besitzer von Ferienwohnungen im Raum Bodensee umfasst Leistungen wie Listung \/ Vermarktung Ihrer Wohnung in den f\u00fchrenden &hellip; <a href=\"https:\/\/fewo-service-bodensee.de\/?page_id=66\">Weiter<\/a><\/p>\n","protected":false},"author":1,"featured_media":56,"parent":0,"menu_order":-5,"comment_status":"open","ping_status":"open","template":"","meta":{"footnotes":""},"class_list":["post-66","page","type-page","status-publish","has-post-thumbnail","hentry"],"_links":{"self":[{"href":"https:\/\/fewo-service-bodensee.de\/index.php?rest_route=\/wp\/v2\/pages\/66","targetHints":{"allow":["GET"]}}],"collection":[{"href":"https:\/\/fewo-service-bodensee.de\/index.php?rest_route=\/wp\/v2\/pages"}],"about":[{"href":"https:\/\/fewo-service-bodensee.de\/index.php?rest_route=\/wp\/v2\/types\/page"}],"author":[{"embeddable":true,"href":"https:\/\/fewo-service-bodensee.de\/index.php?rest_route=\/wp\/v2\/users\/1"}],"replies":[{"embeddable":true,"href":"https:\/\/fewo-service-bodensee.de\/index.php?rest_route=%2Fwp%2Fv2%2Fcomments&post=66"}],"version-history":[{"count":12,"href":"https:\/\/fewo-service-bodensee.de\/index.php?rest_route=\/wp\/v2\/pages\/66\/revisions"}],"predecessor-version":[{"id":448,"href":"https:\/\/fewo-service-bodensee.de\/index.php?rest_route=\/wp\/v2\/pages\/66\/revisions\/448"}],"wp:featuredmedia":[{"embeddable":true,"href":"https:\/\/fewo-service-bodensee.de\/index.php?rest_route=\/wp\/v2\/media\/56"}],"wp:attachment":[{"href":"https:\/\/fewo-service-bodensee.de\/index.php?rest_route=%2Fwp%2Fv2%2Fmedia&parent=66"}],"curies":[{"name":"wp","href":"https:\/\/api.w.org\/{rel}","templated":true}]}}