{"id":279,"date":"2016-04-04T16:45:56","date_gmt":"2016-04-04T15:45:56","guid":{"rendered":"http:\/\/fewo-service-bodensee.de\/?page_id=279"},"modified":"2016-04-05T11:52:02","modified_gmt":"2016-04-05T10:52:02","slug":"reiseruecktrittversicherung","status":"publish","type":"page","link":"https:\/\/fewo-service-bodensee.de\/?page_id=279","title":{"rendered":"Reiser\u00fccktrittversicherung"},"content":{"rendered":"<h5><img loading=\"lazy\" decoding=\"async\" class=\"aligncenter wp-image-302 size-full\" src=\"https:\/\/fewo-service-bodensee.de\/wp-content\/uploads\/2016\/04\/Paar1.jpg\" alt=\"Paar1\" width=\"1170\" height=\"485\" srcset=\"https:\/\/fewo-service-bodensee.de\/wp-content\/uploads\/2016\/04\/Paar1.jpg 1170w, https:\/\/fewo-service-bodensee.de\/wp-content\/uploads\/2016\/04\/Paar1-300x124.jpg 300w, https:\/\/fewo-service-bodensee.de\/wp-content\/uploads\/2016\/04\/Paar1-768x318.jpg 768w, https:\/\/fewo-service-bodensee.de\/wp-content\/uploads\/2016\/04\/Paar1-1024x424.jpg 1024w\" sizes=\"auto, (max-width: 1170px) 100vw, 1170px\" \/><\/h5>\n<h5><\/h5>\n<h5>Sicher Urlaub machen \u2013 Storno ohne Risiko<\/h5>\n<p style=\"text-align: justify;\">Was passiert, wenn die Kleine vor dem Urlaub mit einem Virus aus dem Kindergarten kommt? Oder der Jobverlust<br \/>\nvon Papa den Urlaubstraum platzen l\u00e4sst? Die entgangenen Urlaubsfreuden k\u00f6nnen wir Ihnen nicht ersetzen,<br \/>\nm\u00f6gliche finanzielle Sch\u00e4den schon! Bereits ab \u20ac 6,\u2013 \u00fcbernimmt die ERV (Europ\u00e4ische Reiseversicherung AG),<br \/>\nunser Partner in Sachen Reiseschutz, Ihr finanzielles Risiko einer Stornierung oder eines versp\u00e4teten Reiseantritts<br \/>\naus versichertem Grund.<br \/>\nJetzt vorsorgen und Reiseschutz abschlie\u00dfen &gt;&gt;<\/p>\n<p><a href=\"http:\/\/www.reiseversicherung.de\/baRuntime\/start?rendermode=31&amp;ba=tid&amp;agency=027390000000\" target=\"_blank\"><img loading=\"lazy\" decoding=\"async\" class=\"wp-image-280 size-full alignnone\" src=\"https:\/\/fewo-service-bodensee.de\/wp-content\/uploads\/2016\/03\/banner_230x60_TID_ani.gif\" alt=\"banner_230x60_TID_ani\" width=\"230\" height=\"60\" \/><\/a><\/p>\n","protected":false},"excerpt":{"rendered":"<p>Sicher Urlaub machen \u2013 Storno ohne Risiko Was passiert, wenn die Kleine vor dem Urlaub mit einem Virus aus dem Kindergarten kommt? Oder der Jobverlust von Papa den Urlaubstraum platzen l\u00e4sst? Die entgangenen Urlaubsfreuden k\u00f6nnen wir Ihnen nicht ersetzen, m\u00f6gliche &hellip; <a href=\"https:\/\/fewo-service-bodensee.de\/?page_id=279\">Weiter<\/a><\/p>\n","protected":false},"author":2,"featured_media":0,"parent":0,"menu_order":0,"comment_status":"closed","ping_status":"closed","template":"","meta":{"footnotes":""},"class_list":["post-279","page","type-page","status-publish","hentry"],"_links":{"self":[{"href":"https:\/\/fewo-service-bodensee.de\/index.php?rest_route=\/wp\/v2\/pages\/279","targetHints":{"allow":["GET"]}}],"collection":[{"href":"https:\/\/fewo-service-bodensee.de\/index.php?rest_route=\/wp\/v2\/pages"}],"about":[{"href":"https:\/\/fewo-service-bodensee.de\/index.php?rest_route=\/wp\/v2\/types\/page"}],"author":[{"embeddable":true,"href":"https:\/\/fewo-service-bodensee.de\/index.php?rest_route=\/wp\/v2\/users\/2"}],"replies":[{"embeddable":true,"href":"https:\/\/fewo-service-bodensee.de\/index.php?rest_route=%2Fwp%2Fv2%2Fcomments&post=279"}],"version-history":[{"count":6,"href":"https:\/\/fewo-service-bodensee.de\/index.php?rest_route=\/wp\/v2\/pages\/279\/revisions"}],"predecessor-version":[{"id":303,"href":"https:\/\/fewo-service-bodensee.de\/index.php?rest_route=\/wp\/v2\/pages\/279\/revisions\/303"}],"wp:attachment":[{"href":"https:\/\/fewo-service-bodensee.de\/index.php?rest_route=%2Fwp%2Fv2%2Fmedia&parent=279"}],"curies":[{"name":"wp","href":"https:\/\/api.w.org\/{rel}","templated":true}]}}