{"id":115,"date":"2015-04-20T10:18:08","date_gmt":"2015-04-20T09:18:08","guid":{"rendered":"http:\/\/fewo-service-bodensee.de\/?page_id=115"},"modified":"2018-12-21T12:01:24","modified_gmt":"2018-12-21T11:01:24","slug":"unser-mieterservice","status":"publish","type":"page","link":"https:\/\/fewo-service-bodensee.de\/?page_id=115","title":{"rendered":"Unser Mieterservice"},"content":{"rendered":"<p><img loading=\"lazy\" decoding=\"async\" class=\"wp-image-266 jf-image-shadow size-full\" src=\"https:\/\/fewo-service-bodensee.de\/wp-content\/uploads\/2015\/04\/Fotolia_80883451_Mangep.jpg\" alt=\"Furnished living Room in Luxury Home with Roaring Fireplace\" width=\"940\" height=\"477\" srcset=\"https:\/\/fewo-service-bodensee.de\/wp-content\/uploads\/2015\/04\/Fotolia_80883451_Mangep.jpg 940w, https:\/\/fewo-service-bodensee.de\/wp-content\/uploads\/2015\/04\/Fotolia_80883451_Mangep-300x152.jpg 300w, https:\/\/fewo-service-bodensee.de\/wp-content\/uploads\/2015\/04\/Fotolia_80883451_Mangep-768x390.jpg 768w\" sizes=\"auto, (max-width: 940px) 100vw, 940px\" \/><\/p>\n<p>&nbsp;<\/p>\n<p>Ben\u00f6tigen Sie wegen eines l\u00e4ngeren (beruflichen) Aufenthaltes am Bodensee eine m\u00f6blierte Wohnung, dann sind wir Ihr Ansprechpartner f\u00fcr<\/p>\n<ul>\n<li>Suche und Vermittlung einer m\u00f6blierten Wohnung f\u00fcr den Zeitraum von mehreren Wochen bis zu Monaten<\/li>\n<li>Organisation von Unterhalts- und Endreinigung<\/li>\n<li>Kleinere Reparaturen am Inventar<\/li>\n<li>s\u00e4mtliche mietrelevanten Belange<\/li>\n<\/ul>\n<p>&nbsp;<\/p>\n","protected":false},"excerpt":{"rendered":"<p>&nbsp; Ben\u00f6tigen Sie wegen eines l\u00e4ngeren (beruflichen) Aufenthaltes am Bodensee eine m\u00f6blierte Wohnung, dann sind wir Ihr Ansprechpartner f\u00fcr Suche und Vermittlung einer m\u00f6blierten Wohnung f\u00fcr den Zeitraum von mehreren Wochen bis zu Monaten Organisation von Unterhalts- und Endreinigung Kleinere &hellip; <a href=\"https:\/\/fewo-service-bodensee.de\/?page_id=115\">Weiter<\/a><\/p>\n","protected":false},"author":1,"featured_media":0,"parent":0,"menu_order":0,"comment_status":"open","ping_status":"open","template":"","meta":{"footnotes":""},"class_list":["post-115","page","type-page","status-publish","hentry"],"_links":{"self":[{"href":"https:\/\/fewo-service-bodensee.de\/index.php?rest_route=\/wp\/v2\/pages\/115","targetHints":{"allow":["GET"]}}],"collection":[{"href":"https:\/\/fewo-service-bodensee.de\/index.php?rest_route=\/wp\/v2\/pages"}],"about":[{"href":"https:\/\/fewo-service-bodensee.de\/index.php?rest_route=\/wp\/v2\/types\/page"}],"author":[{"embeddable":true,"href":"https:\/\/fewo-service-bodensee.de\/index.php?rest_route=\/wp\/v2\/users\/1"}],"replies":[{"embeddable":true,"href":"https:\/\/fewo-service-bodensee.de\/index.php?rest_route=%2Fwp%2Fv2%2Fcomments&post=115"}],"version-history":[{"count":10,"href":"https:\/\/fewo-service-bodensee.de\/index.php?rest_route=\/wp\/v2\/pages\/115\/revisions"}],"predecessor-version":[{"id":450,"href":"https:\/\/fewo-service-bodensee.de\/index.php?rest_route=\/wp\/v2\/pages\/115\/revisions\/450"}],"wp:attachment":[{"href":"https:\/\/fewo-service-bodensee.de\/index.php?rest_route=%2Fwp%2Fv2%2Fmedia&parent=115"}],"curies":[{"name":"wp","href":"https:\/\/api.w.org\/{rel}","templated":true}]}}