{"id":100,"date":"2015-10-14T18:28:01","date_gmt":"2015-10-14T17:28:01","guid":{"rendered":"http:\/\/fewo-service-bodensee.de\/?page_id=100"},"modified":"2025-03-25T17:47:14","modified_gmt":"2025-03-25T16:47:14","slug":"ferienwohnungen","status":"publish","type":"page","link":"https:\/\/fewo-service-bodensee.de\/?page_id=100","title":{"rendered":"Ferienwohnungen"},"content":{"rendered":"\n<h4 class=\"wp-block-heading\"><strong>Uhldingen &#8211; M\u00fchlhofen<\/strong>:<\/h4>\n\n\n<div class=\"wp-block-image\">\n<figure class=\"alignleft\"><img loading=\"lazy\" decoding=\"async\" width=\"300\" height=\"200\" src=\"https:\/\/fewo-service-bodensee.de\/wp-content\/uploads\/2015\/10\/DSC_5840-300x200.jpg\" alt=\"\" class=\"wp-image-359\" srcset=\"https:\/\/fewo-service-bodensee.de\/wp-content\/uploads\/2015\/10\/DSC_5840-300x200.jpg 300w, https:\/\/fewo-service-bodensee.de\/wp-content\/uploads\/2015\/10\/DSC_5840-768x511.jpg 768w, https:\/\/fewo-service-bodensee.de\/wp-content\/uploads\/2015\/10\/DSC_5840-1024x681.jpg 1024w\" sizes=\"auto, (max-width: 300px) 100vw, 300px\" \/><\/figure><\/div>\n\n\n<p><strong>Unteruhldingen:<\/strong><br><strong> <a href=\"https:\/\/www.ferienwohnungen-bodensee.de\/mehrinfotyp2_1853.htm\" target=\"_blank\" rel=\"noopener\">Maisonette mit Seesicht<\/a><\/strong><\/p>\n\n\n\n<p><strong>90 qm, bis zu 6 Personen<\/strong>,<\/p>\n\n\n\n<p>Wohn-\/ Esszimmer, Einbauk\u00fcche, Schlafzimmer, B\u00fcro mit Schlafcouch,<br>Studio im OG. mit Ausziehbett und separatem Bett, Bad mit Badewanne und Dusche, WC, G\u00e4ste-WC, Balkon\u00a0<\/p>\n\n\n\n<p>&nbsp;<\/p>\n\n\n\n<p>&nbsp;<\/p>\n\n\n\n<p><\/p>\n\n\n\n<p>&nbsp;<\/p>\n\n\n\n<p>&nbsp;<\/p>\n\n\n\n<p>&nbsp;<\/p>\n\n\n\n<p>&nbsp;<\/p>\n","protected":false},"excerpt":{"rendered":"<p>Uhldingen &#8211; M\u00fchlhofen: Unteruhldingen: Maisonette mit Seesicht 90 qm, bis zu 6 Personen, Wohn-\/ Esszimmer, Einbauk\u00fcche, Schlafzimmer, B\u00fcro mit Schlafcouch,Studio im OG. mit Ausziehbett und separatem Bett, Bad mit Badewanne und Dusche, WC, G\u00e4ste-WC, Balkon\u00a0 &nbsp; &nbsp; &nbsp; &nbsp; &nbsp; &hellip; <a href=\"https:\/\/fewo-service-bodensee.de\/?page_id=100\">Weiter<\/a><\/p>\n","protected":false},"author":1,"featured_media":0,"parent":0,"menu_order":6,"comment_status":"open","ping_status":"open","template":"","meta":{"footnotes":""},"class_list":["post-100","page","type-page","status-publish","hentry"],"_links":{"self":[{"href":"https:\/\/fewo-service-bodensee.de\/index.php?rest_route=\/wp\/v2\/pages\/100","targetHints":{"allow":["GET"]}}],"collection":[{"href":"https:\/\/fewo-service-bodensee.de\/index.php?rest_route=\/wp\/v2\/pages"}],"about":[{"href":"https:\/\/fewo-service-bodensee.de\/index.php?rest_route=\/wp\/v2\/types\/page"}],"author":[{"embeddable":true,"href":"https:\/\/fewo-service-bodensee.de\/index.php?rest_route=\/wp\/v2\/users\/1"}],"replies":[{"embeddable":true,"href":"https:\/\/fewo-service-bodensee.de\/index.php?rest_route=%2Fwp%2Fv2%2Fcomments&post=100"}],"version-history":[{"count":69,"href":"https:\/\/fewo-service-bodensee.de\/index.php?rest_route=\/wp\/v2\/pages\/100\/revisions"}],"predecessor-version":[{"id":472,"href":"https:\/\/fewo-service-bodensee.de\/index.php?rest_route=\/wp\/v2\/pages\/100\/revisions\/472"}],"wp:attachment":[{"href":"https:\/\/fewo-service-bodensee.de\/index.php?rest_route=%2Fwp%2Fv2%2Fmedia&parent=100"}],"curies":[{"name":"wp","href":"https:\/\/api.w.org\/{rel}","templated":true}]}}